{"id":441,"date":"2016-02-04T14:56:47","date_gmt":"2016-02-04T14:56:47","guid":{"rendered":"http:\/\/162.243.91.38\/?page_id=441"},"modified":"2016-02-04T14:56:47","modified_gmt":"2016-02-04T14:56:47","slug":"servicos-online","status":"publish","type":"page","link":"https:\/\/www.lamper.com.br\/?page_id=441","title":{"rendered":"Servi\u00e7os Online"},"content":{"rendered":"<div class=\"page-header\">\n<div class=\"page-header\">\n<h2>Servi\u00e7os Online<\/h2>\n<\/div>\n<div>\n<h4>O QUE \u00c9 O M\u00d3DULO SERVI\u00c7OS ONLINE?<\/h4>\n<p style=\"text-align: justify;\"><span style=\"font-size: 12pt;\">Atende \u00e0 Lei n\u00ba 131\/2009 \u2013 Lei de Acesso \u00e0 Informa\u00e7\u00e3o, no que se refere \u00e0 transpar\u00eancia da gest\u00e3o fiscal. Assim, facilita o gerenciamento das a\u00e7\u00f5es planejadas para a gest\u00e3o do munic\u00edpio, ou \u00f3rg\u00e3o p\u00fablico, integrado ao Portal da Transpar\u00eancia.<\/span><\/p>\n<h4>QUAIS AS VANTAGENS DO M\u00d3DULO?<\/h4>\n<hr \/>\n<ul>\n<li style=\"text-align: justify;\"><span style=\"font-size: 14pt;\">As informa\u00e7\u00f5es s\u00e3o inclu\u00eddas no m\u00f3dulo em \u201cTempo Real\u201d;<\/span><\/li>\n<li style=\"text-align: justify;\"><span style=\"font-size: 14pt;\">Integra\u00e7\u00e3o com os m\u00f3dulos da Execu\u00e7\u00e3o Or\u00e7ament\u00e1ria;<\/span><\/li>\n<li style=\"text-align: justify;\"><span style=\"font-size: 14pt;\">Integra\u00e7\u00e3o com os m\u00f3dulos da Execu\u00e7\u00e3o Financeira;<\/span><\/li>\n<li style=\"text-align: justify;\"><span style=\"font-size: 14pt;\">Consulta e acompanhamentos Processos;<\/span><\/li>\n<li style=\"text-align: justify;\"><span style=\"font-size: 14pt;\">Relat\u00f3rios gerenciais de confer\u00eancia e documentos completos sobre arrecada\u00e7\u00e3o municipal;<\/span><\/li>\n<li style=\"text-align: justify;\"><span style=\"font-size: 14pt;\">Consulta lan\u00e7amentos e recebimentos de todas as receitas e de recursos extraordin\u00e1rios;<\/span><\/li>\n<li style=\"text-align: justify;\"><span style=\"font-size: 14pt;\">Compartilhamento de recursos online da administra\u00e7\u00e3o p\u00fablica;<\/span><\/li>\n<li style=\"text-align: justify;\"><span style=\"font-size: 14pt;\">Interatividade com o usu\u00e1rio \/ Recurso de busca;<\/span><\/li>\n<\/ul>\n<\/div>\n<\/div>\n","protected":false},"excerpt":{"rendered":"<p>Servi\u00e7os Online O QUE \u00c9 O M\u00d3DULO SERVI\u00c7OS ONLINE? Atende \u00e0 Lei n\u00ba 131\/2009 \u2013 Lei de Acesso \u00e0 Informa\u00e7\u00e3o, no que se refere \u00e0 transpar\u00eancia da gest\u00e3o fiscal. Assim, facilita o gerenciamento das a\u00e7\u00f5es planejadas para a gest\u00e3o do munic\u00edpio, ou \u00f3rg\u00e3o p\u00fablico, integrado ao Portal da Transpar\u00eancia. QUAIS AS VANTAGENS DO M\u00d3DULO? As<\/p>\n","protected":false},"author":1,"featured_media":0,"parent":528,"menu_order":0,"comment_status":"closed","ping_status":"closed","template":"fullwidth.php","meta":[],"uagb_featured_image_src":{"full":false,"thumbnail":false,"medium":false,"medium_large":false,"large":false,"1536x1536":false,"2048x2048":false,"home_post_thumb":false,"wl_page_thumb":false,"blog_2c_thumb":false},"uagb_author_info":{"display_name":"admin","author_link":"https:\/\/www.lamper.com.br\/?author=1"},"uagb_comment_info":0,"uagb_excerpt":"Servi\u00e7os Online O QUE \u00c9 O M\u00d3DULO SERVI\u00c7OS ONLINE? Atende \u00e0 Lei n\u00ba 131\/2009 \u2013 Lei de Acesso \u00e0 Informa\u00e7\u00e3o, no que se refere \u00e0 transpar\u00eancia da gest\u00e3o fiscal. Assim, facilita o gerenciamento das a\u00e7\u00f5es planejadas para a gest\u00e3o do munic\u00edpio, ou \u00f3rg\u00e3o p\u00fablico, integrado ao Portal da Transpar\u00eancia. QUAIS AS VANTAGENS DO M\u00d3DULO? As","_links":{"self":[{"href":"https:\/\/www.lamper.com.br\/index.php?rest_route=\/wp\/v2\/pages\/441"}],"collection":[{"href":"https:\/\/www.lamper.com.br\/index.php?rest_route=\/wp\/v2\/pages"}],"about":[{"href":"https:\/\/www.lamper.com.br\/index.php?rest_route=\/wp\/v2\/types\/page"}],"author":[{"embeddable":true,"href":"https:\/\/www.lamper.com.br\/index.php?rest_route=\/wp\/v2\/users\/1"}],"replies":[{"embeddable":true,"href":"https:\/\/www.lamper.com.br\/index.php?rest_route=%2Fwp%2Fv2%2Fcomments&post=441"}],"version-history":[{"count":0,"href":"https:\/\/www.lamper.com.br\/index.php?rest_route=\/wp\/v2\/pages\/441\/revisions"}],"up":[{"embeddable":true,"href":"https:\/\/www.lamper.com.br\/index.php?rest_route=\/wp\/v2\/pages\/528"}],"wp:attachment":[{"href":"https:\/\/www.lamper.com.br\/index.php?rest_route=%2Fwp%2Fv2%2Fmedia&parent=441"}],"curies":[{"name":"wp","href":"https:\/\/api.w.org\/{rel}","templated":true}]}}