{"id":446,"date":"2016-07-04T17:11:42","date_gmt":"2016-07-04T21:11:42","guid":{"rendered":"http:\/\/162.243.91.38\/?page_id=446"},"modified":"2016-07-04T17:11:42","modified_gmt":"2016-07-04T21:11:42","slug":"modulo-biblioteca","status":"publish","type":"page","link":"https:\/\/www.lamper.com.br\/?page_id=446","title":{"rendered":"M\u00f3dulo Biblioteca"},"content":{"rendered":"<div>\n<p style=\"text-align: justify;\"><img class=\"alignleft\" src=\"http:\/\/www.prodata.inf.br\/images\/prodata\/modBiblioteca.jpg\" alt=\"\" width=\"400\" align=\"right\" border=\"0\" \/><\/p>\n<div class=\"page-header\">\n<h2>M\u00f3dulo Biblioteca<\/h2>\n<\/div>\n<div>\n<h4>O QUE \u00c9 O M\u00d3DULO BIBLIOTECA?<\/h4>\n<p style=\"text-align: justify;\"><span style=\"font-size: 12pt;\">O m\u00f3dulo Biblioteca oferece ao munic\u00edpio um servi\u00e7o de qualidade que visa atender com efici\u00eancia as necessidades dos leitores e dos profissionais da \u00e1rea na pesquisa por exemplares, cataloga\u00e7\u00e3o e organiza\u00e7\u00e3o dos itens do acervo, permitindo a facilidade e praticidade no cadastro dos empr\u00e9stimos e devolu\u00e7\u00f5es dos materiais (livros, peri\u00f3dicos, cd\u2019s, dvd\u2019s etc.), al\u00e9m de oferecer aos usu\u00e1rios acesso \u00e0s obras via internet.<\/span><br \/>\n<span style=\"font-size: 12pt;\">Facilita a administra\u00e7\u00e3o da institui\u00e7\u00e3o, o servi\u00e7o dos funcion\u00e1rios e o suporte \u00e0s demandas dos leitores, pois agiliza, integra e moderniza as atividades di\u00e1rias executadas na biblioteca.<\/span><br \/>\n<span style=\"font-size: 12pt;\">Possui fun\u00e7\u00f5es estrat\u00e9gicas que otimizam a rotina na Biblioteca: cataloga\u00e7\u00e3o, pesquisa, circula\u00e7\u00e3o e internet<\/span><\/p>\n<h4>QUAIS AS VANTAGENS DO M\u00d3DULO?<\/h4>\n<hr \/>\n<ul>\n<li><span style=\"font-size: 12pt;\"><strong>Circula\u00e7\u00e3o:<\/strong> importa\u00e7\u00e3o e exporta\u00e7\u00e3o por meio do interc\u00e2mbio ISSO 2709, anexa informa\u00e7\u00f5es digitais aos registros bibliogr\u00e1ficos, emite etiquetas com c\u00f3digo de barras<\/span><\/li>\n<li><span style=\"font-size: 12pt;\"><strong>Pesquisa:<\/strong> acesso instant\u00e2neo \u00e0 obra catalogada e armazenamento do resultado e envio por email<\/span><\/li>\n<li><span style=\"font-size: 12pt;\"><strong>Circula\u00e7\u00e3o:<\/strong> carteira e senha de identifica\u00e7\u00e3o, controle via c\u00f3digo de barras para itens do acervo, penalidades por atraso na devolu\u00e7\u00e3o, multa e suspens\u00e3o, renova\u00e7\u00e3o e reservas online ou pelo sistema<\/span><\/li>\n<li><span style=\"font-size: 12pt;\"><strong>Web:<\/strong> pesquisa ao acervo e situa\u00e7\u00e3o do usu\u00e1rio<\/span><\/li>\n<\/ul>\n<\/div>\n<\/div>\n","protected":false},"excerpt":{"rendered":"<p>M\u00f3dulo Biblioteca O QUE \u00c9 O M\u00d3DULO BIBLIOTECA? O m\u00f3dulo Biblioteca oferece ao munic\u00edpio um servi\u00e7o de qualidade que visa atender com efici\u00eancia as necessidades dos leitores e dos profissionais da \u00e1rea na pesquisa por exemplares, cataloga\u00e7\u00e3o e organiza\u00e7\u00e3o dos itens do acervo, permitindo a facilidade e praticidade no cadastro dos empr\u00e9stimos e devolu\u00e7\u00f5es dos<\/p>\n","protected":false},"author":1,"featured_media":0,"parent":528,"menu_order":0,"comment_status":"open","ping_status":"open","template":"fullwidth.php","meta":[],"uagb_featured_image_src":{"full":false,"thumbnail":false,"medium":false,"medium_large":false,"large":false,"1536x1536":false,"2048x2048":false,"home_post_thumb":false,"wl_page_thumb":false,"blog_2c_thumb":false},"uagb_author_info":{"display_name":"admin","author_link":"https:\/\/www.lamper.com.br\/?author=1"},"uagb_comment_info":0,"uagb_excerpt":"M\u00f3dulo Biblioteca O QUE \u00c9 O M\u00d3DULO BIBLIOTECA? O m\u00f3dulo Biblioteca oferece ao munic\u00edpio um servi\u00e7o de qualidade que visa atender com efici\u00eancia as necessidades dos leitores e dos profissionais da \u00e1rea na pesquisa por exemplares, cataloga\u00e7\u00e3o e organiza\u00e7\u00e3o dos itens do acervo, permitindo a facilidade e praticidade no cadastro dos empr\u00e9stimos e devolu\u00e7\u00f5es dos","_links":{"self":[{"href":"https:\/\/www.lamper.com.br\/index.php?rest_route=\/wp\/v2\/pages\/446"}],"collection":[{"href":"https:\/\/www.lamper.com.br\/index.php?rest_route=\/wp\/v2\/pages"}],"about":[{"href":"https:\/\/www.lamper.com.br\/index.php?rest_route=\/wp\/v2\/types\/page"}],"author":[{"embeddable":true,"href":"https:\/\/www.lamper.com.br\/index.php?rest_route=\/wp\/v2\/users\/1"}],"replies":[{"embeddable":true,"href":"https:\/\/www.lamper.com.br\/index.php?rest_route=%2Fwp%2Fv2%2Fcomments&post=446"}],"version-history":[{"count":0,"href":"https:\/\/www.lamper.com.br\/index.php?rest_route=\/wp\/v2\/pages\/446\/revisions"}],"up":[{"embeddable":true,"href":"https:\/\/www.lamper.com.br\/index.php?rest_route=\/wp\/v2\/pages\/528"}],"wp:attachment":[{"href":"https:\/\/www.lamper.com.br\/index.php?rest_route=%2Fwp%2Fv2%2Fmedia&parent=446"}],"curies":[{"name":"wp","href":"https:\/\/api.w.org\/{rel}","templated":true}]}}