{"id":470,"date":"2016-02-04T17:23:00","date_gmt":"2016-02-04T17:23:00","guid":{"rendered":"http:\/\/162.243.91.38\/?page_id=470"},"modified":"2016-02-04T17:23:00","modified_gmt":"2016-02-04T17:23:00","slug":"modulo-planejamento","status":"publish","type":"page","link":"https:\/\/www.lamper.com.br\/?page_id=470","title":{"rendered":"M\u00f3dulo Planejamento"},"content":{"rendered":"<div>\n<p style=\"text-align: justify;\"><img class=\"alignleft\" src=\"http:\/\/www.prodata.inf.br\/images\/prodata\/modPlanejamento.jpg\" alt=\"\" width=\"400\" align=\"right\" border=\"0\" \/><\/p>\n<div class=\"page-header\">\n<h2>M\u00f3dulo Planejamento<\/h2>\n<\/div>\n<div>\n<h4>O QUE \u00c9 O M\u00d3DULO PLANEJAMENTO?<\/h4>\n<p style=\"text-align: justify;\"><span style=\"font-size: 12pt;\">O M\u00f3dulo Planejamento SIG \u00e9 um software de gest\u00e3o estrat\u00e9gica or\u00e7ament\u00e1ria completo que trata da elabora\u00e7\u00e3o de metas, planejamento estrat\u00e9gico, receitas, despesas or\u00e7ament\u00e1rias al\u00e9m da cria\u00e7\u00e3o e manuten\u00e7\u00e3o do PPA, LDO E LOA.<\/span><\/p>\n<p style=\"text-align: justify;\"><span style=\"font-size: 12pt;\">Fazendo uso do M\u00f3dulo Planejamento PRODATA \u00e9 poss\u00edvel gerenciar relat\u00f3rios e gr\u00e1ficos possibilitando a gest\u00e3o ter uma vis\u00e3o completa dos indicadores.<\/span><\/p>\n<h4>\u00a0QUAIS AS\u00a0VANTAGENS DO M\u00d3DULO?<\/h4>\n<hr \/>\n<ul>\n<li style=\"text-align: justify;\"><span style=\"font-size: 12pt;\">Facilidade na elabora\u00e7\u00e3o do PPA\/LOA\/LDO com metas f\u00edsicas e financeiras.<\/span><\/li>\n<li style=\"text-align: justify;\"><span style=\"font-size: 12pt;\">Cadastro de perspectivas, temas e objetivos estrat\u00e9gicos do planejamento estrat\u00e9gico, podendo seguir as perspectivas do BSC (Balanced Scorecard).<\/span><\/li>\n<li style=\"text-align: justify;\"><span style=\"font-size: 12pt;\">Cadastro de indicadores e metas<\/span><\/li>\n<li style=\"text-align: justify;\"><span style=\"font-size: 12pt;\">Projetos\/processos com respectivo coordenador, previs\u00e3o de in\u00edcio e fim.<\/span><\/li>\n<li style=\"text-align: justify;\"><span style=\"font-size: 12pt;\">Painel executivo (dashboard) com gr\u00e1ficos estrat\u00e9gicos, indicadores, percentual de projetos\/processos e a\u00e7\u00f5es atrasadas em per\u00edodo parametriz\u00e1vel, al\u00e9m de gr\u00e1ficos de projetos\/processos e a\u00e7\u00f5es atrasadas por respons\u00e1vel<\/span><\/li>\n<li style=\"text-align: justify;\"><span style=\"font-size: 12pt;\">Painel de indicadores com sinalizador (sem\u00e1foro) de meta atingida e meta n\u00e3o atingida, respectivo percentual conquistado, data da ultima atualiza\u00e7\u00e3o e respons\u00e1vel, al\u00e9m do percentual de conquista da perspectiva, tema e objetivo estrat\u00e9gico<\/span><\/li>\n<li style=\"text-align: justify;\"><span style=\"font-size: 12pt;\">Painel de controle de custos com demonstrativo do grau de comprometimento do or\u00e7amento previsto e fluxo de caixa.<\/span><\/li>\n<li style=\"text-align: justify;\"><span style=\"font-size: 12pt;\">Cria\u00e7\u00e3o e manuten\u00e7\u00e3o de PPA de um exerc\u00edcio para o outro.<\/span><\/li>\n<\/ul>\n<\/div>\n<\/div>\n","protected":false},"excerpt":{"rendered":"<p>M\u00f3dulo Planejamento O QUE \u00c9 O M\u00d3DULO PLANEJAMENTO? O M\u00f3dulo Planejamento SIG \u00e9 um software de gest\u00e3o estrat\u00e9gica or\u00e7ament\u00e1ria completo que trata da elabora\u00e7\u00e3o de metas, planejamento estrat\u00e9gico, receitas, despesas or\u00e7ament\u00e1rias al\u00e9m da cria\u00e7\u00e3o e manuten\u00e7\u00e3o do PPA, LDO E LOA. Fazendo uso do M\u00f3dulo Planejamento PRODATA \u00e9 poss\u00edvel gerenciar relat\u00f3rios e gr\u00e1ficos possibilitando a<\/p>\n","protected":false},"author":1,"featured_media":0,"parent":528,"menu_order":0,"comment_status":"closed","ping_status":"closed","template":"fullwidth.php","meta":[],"uagb_featured_image_src":{"full":false,"thumbnail":false,"medium":false,"medium_large":false,"large":false,"1536x1536":false,"2048x2048":false,"home_post_thumb":false,"wl_page_thumb":false,"blog_2c_thumb":false},"uagb_author_info":{"display_name":"admin","author_link":"https:\/\/www.lamper.com.br\/?author=1"},"uagb_comment_info":0,"uagb_excerpt":"M\u00f3dulo Planejamento O QUE \u00c9 O M\u00d3DULO PLANEJAMENTO? O M\u00f3dulo Planejamento SIG \u00e9 um software de gest\u00e3o estrat\u00e9gica or\u00e7ament\u00e1ria completo que trata da elabora\u00e7\u00e3o de metas, planejamento estrat\u00e9gico, receitas, despesas or\u00e7ament\u00e1rias al\u00e9m da cria\u00e7\u00e3o e manuten\u00e7\u00e3o do PPA, LDO E LOA. Fazendo uso do M\u00f3dulo Planejamento PRODATA \u00e9 poss\u00edvel gerenciar relat\u00f3rios e gr\u00e1ficos possibilitando a","_links":{"self":[{"href":"https:\/\/www.lamper.com.br\/index.php?rest_route=\/wp\/v2\/pages\/470"}],"collection":[{"href":"https:\/\/www.lamper.com.br\/index.php?rest_route=\/wp\/v2\/pages"}],"about":[{"href":"https:\/\/www.lamper.com.br\/index.php?rest_route=\/wp\/v2\/types\/page"}],"author":[{"embeddable":true,"href":"https:\/\/www.lamper.com.br\/index.php?rest_route=\/wp\/v2\/users\/1"}],"replies":[{"embeddable":true,"href":"https:\/\/www.lamper.com.br\/index.php?rest_route=%2Fwp%2Fv2%2Fcomments&post=470"}],"version-history":[{"count":0,"href":"https:\/\/www.lamper.com.br\/index.php?rest_route=\/wp\/v2\/pages\/470\/revisions"}],"up":[{"embeddable":true,"href":"https:\/\/www.lamper.com.br\/index.php?rest_route=\/wp\/v2\/pages\/528"}],"wp:attachment":[{"href":"https:\/\/www.lamper.com.br\/index.php?rest_route=%2Fwp%2Fv2%2Fmedia&parent=470"}],"curies":[{"name":"wp","href":"https:\/\/api.w.org\/{rel}","templated":true}]}}