{"id":478,"date":"2016-07-04T17:25:51","date_gmt":"2016-07-04T21:25:51","guid":{"rendered":"http:\/\/162.243.91.38\/?page_id=478"},"modified":"2016-07-04T17:25:51","modified_gmt":"2016-07-04T21:25:51","slug":"modulo-assistencia-social","status":"publish","type":"page","link":"https:\/\/www.lamper.com.br\/?page_id=478","title":{"rendered":"M\u00f3dulo Assist\u00eancia Social"},"content":{"rendered":"<div class=\"page-header\">\n<div class=\"page-header\">\n<h2>M\u00f3dulo Assist\u00eancia Social<\/h2>\n<\/div>\n<div>\n<h4>O QUE \u00c9 O M\u00d3DULO ASSIST\u00caNCIA SOCIAL?<\/h4>\n<p style=\"text-align: justify;\"><span style=\"font-size: 12pt;\">Um sistema eficiente desenvolvido para auxiliar a Secretaria de Assist\u00eancia Social na gest\u00e3o estrat\u00e9gica a partir do cruzamento de informa\u00e7\u00f5es. Este m\u00f3dulo facilita e agiliza a execu\u00e7\u00e3o das rotinas administrativas e controla o atendimento \u00e0s fam\u00edlias carentes do mun\u00edcipio. Com o Assist\u00eancia Social \u00e9 poss\u00edvel armazenar o cadastro da popula\u00e7\u00e3o, suas eventuais necessidades, bem como todos os atendimentos efetuados pelos programas sociais. Permite consultas a relat\u00f3rios da condi\u00e7\u00e3o financeira, profissional, social, escolar, de sa\u00fade, moradia, entre outros.<\/span><\/p>\n<h4>VANTAGENS M\u00d3DULO ASSIST\u00caNCIA SOCIAL<\/h4>\n<hr \/>\n<ul>\n<li style=\"text-align: justify;\"><span style=\"font-size: 12pt;\">Relat\u00f3rios s\u00f3cio assistenciais<\/span><\/li>\n<li style=\"text-align: justify;\"><span style=\"font-size: 12pt;\">Cadastro e controle de Programas Sociais municipais, estaduais e federais<\/span><\/li>\n<li style=\"text-align: justify;\"><span style=\"font-size: 12pt;\">Gest\u00e3o de visita\u00e7\u00e3o do assistente social ao cidad\u00e3o para controle das demandas<\/span><\/li>\n<li style=\"text-align: justify;\"><span style=\"font-size: 12pt;\">Controle de benef\u00edcios das solicita\u00e7\u00f5es realizadas pelo cidad\u00e3o (individual ou fam\u00edlia)<\/span><\/li>\n<li style=\"text-align: justify;\"><span style=\"font-size: 12pt;\">Cadastro das fam\u00edlias, filhos, dependentes e outros dados familiares relevantes<\/span><\/li>\n<li style=\"text-align: justify;\"><span style=\"font-size: 12pt;\">Ferramentas de busca eficientes que minimizam o tempo de procura por fam\u00edlias e\/ou informa\u00e7\u00f5es necess\u00e1rias nas rotinas di\u00e1rias<\/span><\/li>\n<li style=\"text-align: justify;\"><span style=\"font-size: 12pt;\">Sistema de f\u00e1cil opera\u00e7\u00e3o e em rede que permite que v\u00e1rios usu\u00e1rios trabalhem simultaneamente<\/span><\/li>\n<\/ul>\n<\/div>\n<\/div>\n","protected":false},"excerpt":{"rendered":"<p>M\u00f3dulo Assist\u00eancia Social O QUE \u00c9 O M\u00d3DULO ASSIST\u00caNCIA SOCIAL? Um sistema eficiente desenvolvido para auxiliar a Secretaria de Assist\u00eancia Social na gest\u00e3o estrat\u00e9gica a partir do cruzamento de informa\u00e7\u00f5es. Este m\u00f3dulo facilita e agiliza a execu\u00e7\u00e3o das rotinas administrativas e controla o atendimento \u00e0s fam\u00edlias carentes do mun\u00edcipio. Com o Assist\u00eancia Social \u00e9 poss\u00edvel<\/p>\n","protected":false},"author":1,"featured_media":0,"parent":528,"menu_order":0,"comment_status":"open","ping_status":"open","template":"fullwidth.php","meta":[],"uagb_featured_image_src":{"full":false,"thumbnail":false,"medium":false,"medium_large":false,"large":false,"1536x1536":false,"2048x2048":false,"home_post_thumb":false,"wl_page_thumb":false,"blog_2c_thumb":false},"uagb_author_info":{"display_name":"admin","author_link":"https:\/\/www.lamper.com.br\/?author=1"},"uagb_comment_info":0,"uagb_excerpt":"M\u00f3dulo Assist\u00eancia Social O QUE \u00c9 O M\u00d3DULO ASSIST\u00caNCIA SOCIAL? Um sistema eficiente desenvolvido para auxiliar a Secretaria de Assist\u00eancia Social na gest\u00e3o estrat\u00e9gica a partir do cruzamento de informa\u00e7\u00f5es. Este m\u00f3dulo facilita e agiliza a execu\u00e7\u00e3o das rotinas administrativas e controla o atendimento \u00e0s fam\u00edlias carentes do mun\u00edcipio. Com o Assist\u00eancia Social \u00e9 poss\u00edvel","_links":{"self":[{"href":"https:\/\/www.lamper.com.br\/index.php?rest_route=\/wp\/v2\/pages\/478"}],"collection":[{"href":"https:\/\/www.lamper.com.br\/index.php?rest_route=\/wp\/v2\/pages"}],"about":[{"href":"https:\/\/www.lamper.com.br\/index.php?rest_route=\/wp\/v2\/types\/page"}],"author":[{"embeddable":true,"href":"https:\/\/www.lamper.com.br\/index.php?rest_route=\/wp\/v2\/users\/1"}],"replies":[{"embeddable":true,"href":"https:\/\/www.lamper.com.br\/index.php?rest_route=%2Fwp%2Fv2%2Fcomments&post=478"}],"version-history":[{"count":0,"href":"https:\/\/www.lamper.com.br\/index.php?rest_route=\/wp\/v2\/pages\/478\/revisions"}],"up":[{"embeddable":true,"href":"https:\/\/www.lamper.com.br\/index.php?rest_route=\/wp\/v2\/pages\/528"}],"wp:attachment":[{"href":"https:\/\/www.lamper.com.br\/index.php?rest_route=%2Fwp%2Fv2%2Fmedia&parent=478"}],"curies":[{"name":"wp","href":"https:\/\/api.w.org\/{rel}","templated":true}]}}