{"id":725,"date":"2016-07-25T19:55:23","date_gmt":"2016-07-25T23:55:23","guid":{"rendered":"http:\/\/162.243.91.38\/?page_id=725"},"modified":"2016-07-25T19:55:23","modified_gmt":"2016-07-25T23:55:23","slug":"modulo-arrecadacao","status":"publish","type":"page","link":"https:\/\/www.lamper.com.br\/?page_id=725","title":{"rendered":"M\u00f3dulo Arrecada\u00e7\u00e3o"},"content":{"rendered":"<h3>O QUE \u00c9 O M\u00d3DULO ARRECADA\u00c7\u00c3O?<\/h3>\n<hr \/>\n<h3><\/h3>\n<p>&nbsp;<\/p>\n<p><span style=\"font-size: 12pt;\">Possibilita o gerenciamento efetivo de qualquer receita do munic\u00edpio\/\u00f3rg\u00e3o, controlando a arrecada\u00e7\u00e3o, emitindo notifica\u00e7\u00f5es e documentos, quando necess\u00e1rio.<\/span><\/p>\n<p>&nbsp;<\/p>\n<h4>Vantagens do m\u00f3dulo Arrecada\u00e7\u00e3o<\/h4>\n<hr \/>\n<ul>\n<li style=\"text-align: justify;\"><span style=\"font-size: 12pt;\">Permite controle de cadastro econ\u00f4mico.<\/span><\/li>\n<li style=\"text-align: justify;\"><span style=\"font-size: 12pt;\">Permite controle de cadastro imobili\u00e1rio.<\/span><\/li>\n<li style=\"text-align: justify;\"><span style=\"font-size: 12pt;\">Controla a conta corrente fiscal, as fiscaliza\u00e7\u00f5es e a d\u00edvida ativa.<\/span><\/li>\n<li style=\"text-align: justify;\"><span style=\"font-size: 12pt;\">Gerencia o lan\u00e7amento de qualquer tributo cobrado pelo \u00f3rg\u00e3o de acordo com seu C\u00f3digo Tribut\u00e1rio Municipal.<\/span><\/li>\n<li style=\"text-align: justify;\"><span style=\"font-size: 12pt;\">Emite relat\u00f3rios de confer\u00eancia, documentos e relat\u00f3rios completos sobre a arrecada\u00e7\u00e3o municipal.<\/span><\/li>\n<li style=\"text-align: justify;\"><span style=\"font-size: 12pt;\">Proporciona a moderniza\u00e7\u00e3o dos processos, sendo que a Prefeitura emite online documentos , como boletos, para pagamento de tributos e certid\u00f5es negativas de tributos municipais.<\/span><\/li>\n<li style=\"text-align: justify;\"><span style=\"font-size: 12pt;\">Por meio do site da Prefeitura Municipal, os contribuintes t\u00eam acesso aos documentos que podem ser pagos em qualquer ag\u00eancia banc\u00e1ria, caixa eletr\u00f4nico ou casas lot\u00e9ricas.<\/span><\/li>\n<li style=\"text-align: justify;\"><span style=\"font-size: 12pt;\">Possibilita o aumento da arrecada\u00e7\u00e3o municipal e redu\u00e7\u00e3o de custos operacionais para as prefeituras.<\/span><\/li>\n<li style=\"text-align: justify;\"><span style=\"font-size: 12pt;\">Mant\u00e9m o cadastro com as informa\u00e7\u00f5es completas sobre contribuintes, contadores, atividades econ\u00f4micas e im\u00f3veis.<\/span><\/li>\n<li style=\"text-align: justify;\"><span style=\"font-size: 12pt;\">Direciona tratamento espec\u00edfico dos impostos, taxas e contribui\u00e7\u00f5es de melhorias segundo o c\u00f3digo tribut\u00e1rio do munic\u00edpio.<\/span><\/li>\n<\/ul>\n<p>&nbsp;<\/p>\n<h3>M\u00d3DULO ARRECADA\u00c7\u00c3O DMS<\/h3>\n<hr \/>\n<h3><\/h3>\n<p style=\"text-align: justify;\">O sub-m\u00f3dulo de Declara\u00e7\u00e3o Mensal de Servi\u00e7os (DMS) facilita e agiliza o cumprimento das obriga\u00e7\u00f5es tribut\u00e1rias institu\u00eddas na Legisla\u00e7\u00e3o Municipal sobre os servi\u00e7os de qualquer natureza, disponibilizando aos contribuintes recursos e informa\u00e7\u00f5es necess\u00e1rias para declara\u00e7\u00e3o de dados, apura\u00e7\u00e3o e recolhimento do imposto devido, contribuindo para a melhoria da administra\u00e7\u00e3o de seus neg\u00f3cios.<\/p>\n<p>&nbsp;<\/p>\n<h4>Vantagens do m\u00f3dulo Arrecada\u00e7\u00e3o DMS<\/h4>\n<hr \/>\n<h4><\/h4>\n<ul>\n<li style=\"text-align: justify;\"><span style=\"font-size: 12pt;\">Cadastro de servi\u00e7os tomados e prestados (incluindo \u00a0a substitui\u00e7\u00e3o tribut\u00e1ria) com emiss\u00e3o autom\u00e1tica da guia de recolhimento.<\/span><\/li>\n<li style=\"text-align: justify;\"><span style=\"font-size: 12pt;\">Possibilita a integra\u00e7\u00e3o com qualquer sistema de contabilidade existente no munic\u00edpio por meio da importa\u00e7\u00e3o de dados via XML.<\/span><\/li>\n<li style=\"text-align: justify;\"><span style=\"font-size: 12pt;\">Nota Fiscal Eletr\u00f4nica.<\/span><\/li>\n<li style=\"text-align: justify;\"><span style=\"font-size: 12pt;\">Emiss\u00e3o facilitada de comprovante e relat\u00f3rios.<\/span><\/li>\n<li style=\"text-align: justify;\"><span style=\"font-size: 12pt;\">Acesso facilitado por interm\u00e9dio da Internet (M\u00f3dulo WEB).<\/span><\/li>\n<li style=\"text-align: justify;\"><span style=\"font-size: 12pt;\">Possibilita ao Fisco a gest\u00e3o das informa\u00e7\u00f5es por meio de ferramentas gr\u00e1ficas e cruzamentos de informa\u00e7\u00f5es (prestado x tomado).<\/span><\/li>\n<\/ul>\n","protected":false},"excerpt":{"rendered":"<p>O QUE \u00c9 O M\u00d3DULO ARRECADA\u00c7\u00c3O? &nbsp; Possibilita o gerenciamento efetivo de qualquer receita do munic\u00edpio\/\u00f3rg\u00e3o, controlando a arrecada\u00e7\u00e3o, emitindo notifica\u00e7\u00f5es e documentos, quando necess\u00e1rio. &nbsp; Vantagens do m\u00f3dulo Arrecada\u00e7\u00e3o Permite controle de cadastro econ\u00f4mico. Permite controle de cadastro imobili\u00e1rio. Controla a conta corrente fiscal, as fiscaliza\u00e7\u00f5es e a d\u00edvida ativa. Gerencia o lan\u00e7amento de<\/p>\n","protected":false},"author":1,"featured_media":0,"parent":528,"menu_order":0,"comment_status":"open","ping_status":"open","template":"fullwidth.php","meta":[],"uagb_featured_image_src":{"full":false,"thumbnail":false,"medium":false,"medium_large":false,"large":false,"1536x1536":false,"2048x2048":false,"home_post_thumb":false,"wl_page_thumb":false,"blog_2c_thumb":false},"uagb_author_info":{"display_name":"admin","author_link":"https:\/\/www.lamper.com.br\/?author=1"},"uagb_comment_info":0,"uagb_excerpt":"O QUE \u00c9 O M\u00d3DULO ARRECADA\u00c7\u00c3O? &nbsp; Possibilita o gerenciamento efetivo de qualquer receita do munic\u00edpio\/\u00f3rg\u00e3o, controlando a arrecada\u00e7\u00e3o, emitindo notifica\u00e7\u00f5es e documentos, quando necess\u00e1rio. &nbsp; Vantagens do m\u00f3dulo Arrecada\u00e7\u00e3o Permite controle de cadastro econ\u00f4mico. Permite controle de cadastro imobili\u00e1rio. Controla a conta corrente fiscal, as fiscaliza\u00e7\u00f5es e a d\u00edvida ativa. Gerencia o lan\u00e7amento de","_links":{"self":[{"href":"https:\/\/www.lamper.com.br\/index.php?rest_route=\/wp\/v2\/pages\/725"}],"collection":[{"href":"https:\/\/www.lamper.com.br\/index.php?rest_route=\/wp\/v2\/pages"}],"about":[{"href":"https:\/\/www.lamper.com.br\/index.php?rest_route=\/wp\/v2\/types\/page"}],"author":[{"embeddable":true,"href":"https:\/\/www.lamper.com.br\/index.php?rest_route=\/wp\/v2\/users\/1"}],"replies":[{"embeddable":true,"href":"https:\/\/www.lamper.com.br\/index.php?rest_route=%2Fwp%2Fv2%2Fcomments&post=725"}],"version-history":[{"count":0,"href":"https:\/\/www.lamper.com.br\/index.php?rest_route=\/wp\/v2\/pages\/725\/revisions"}],"up":[{"embeddable":true,"href":"https:\/\/www.lamper.com.br\/index.php?rest_route=\/wp\/v2\/pages\/528"}],"wp:attachment":[{"href":"https:\/\/www.lamper.com.br\/index.php?rest_route=%2Fwp%2Fv2%2Fmedia&parent=725"}],"curies":[{"name":"wp","href":"https:\/\/api.w.org\/{rel}","templated":true}]}}