{"id":731,"date":"2016-07-25T22:01:49","date_gmt":"2016-07-26T02:01:49","guid":{"rendered":"http:\/\/162.243.91.38\/?page_id=731"},"modified":"2016-07-25T22:01:49","modified_gmt":"2016-07-26T02:01:49","slug":"modulo-bi","status":"publish","type":"page","link":"https:\/\/www.lamper.com.br\/?page_id=731","title":{"rendered":"M\u00f3dulo BI"},"content":{"rendered":"<div class=\"page-header\">\n<h2>Business Intelligence<\/h2>\n<\/div>\n<div>\n<h4>O QUE \u00c9 O M\u00d3DULO BI?<\/h4>\n<p><span style=\"font-size: 12pt;\">O M\u00f3dulo BI &#8211; Business Intelligence &#8211; ou Intelig\u00eancia de Neg\u00f3cio &#8211; \u00e9 um ponto forte para o segmento da administra\u00e7\u00e3o p\u00fablica inteligente. O sistema faz o acompanhamento de a\u00e7\u00f5es que foram planejadas para a gest\u00e3o do mun\u00edcipio ou \u00f3rg\u00e3o, checa o andamento do cumprimento das metas planejadas, confere os resultados obtidos pela administra\u00e7\u00e3o municipal, verifica a evolu\u00e7\u00e3o das receitas, bem como monitora a opini\u00e3o da popula\u00e7\u00e3o sobre a qualidade dos servi\u00e7os p\u00fablicos.<\/span><\/p>\n<p><span style=\"font-size: 12pt;\">Esta ferramenta proporciona ao gestor p\u00fablico uma vis\u00e3o e an\u00e1lise estrat\u00e9gica de todo o planejamento municipal. O M\u00f3dulo BI permite tornar mais segura a tomada de decis\u00e3o por meio de um conceito que descreve as habilidades, a fim de acessar dados e explorar as informa\u00e7\u00f5es, analisando-as e desenvolvendo percep\u00e7\u00f5es e entendimento.<\/span><\/p>\n<h4>VANTAGENS M\u00d3DULO BI \u2013 BUSINESS INTELLIGENCE<\/h4>\n<hr \/>\n<ul>\n<li><span style=\"font-size: 12pt;\">Promove a integra\u00e7\u00e3o entre todos os dados referentes \u00e0 gest\u00e3o;<\/span><\/li>\n<li><span style=\"font-size: 12pt;\">Alinha metas, resultados e acompanha o planejamento;<\/span><\/li>\n<li><span style=\"font-size: 12pt;\">Permite o acompanhamento de todos os resultados nas secretarias, gest\u00e3o de recursos, departamentos e na supervis\u00e3o pela prefeitura em rela\u00e7\u00e3o a tudo que acontece nos \u00f3rg\u00e3os municipais;<\/span><\/li>\n<li><span style=\"font-size: 12pt;\">Permite o acompanhamento dos investimentos m\u00ednimos e m\u00e1ximos, de forma a averiguar o trabalho da prefeitura conforme os princ\u00edpios legais;<\/span><\/li>\n<li><span style=\"font-size: 12pt;\">Analisa os resultados por meio da avali\u00e7\u00e3o das perspectivas dos clientes e dos funcion\u00e1rios p\u00fablicos, dos resultados financeiros e da agilidade dos processos;<\/span><\/li>\n<li><span style=\"font-size: 12pt;\">Acompanha o capital empenhado e liquidado e a diferen\u00e7a do que entrou e do que saiu;<\/span><\/li>\n<li><span style=\"font-size: 12pt;\">Compara a receita estimada com a receita arrecadada e a despesa estimada e\u00a0 executada;<\/span><\/li>\n<li><span style=\"font-size: 12pt;\">Apresenta relat\u00f3rios sobre\u00a0 economia advinda do processo de compra-preg\u00e3o;<\/span><\/li>\n<li><span style=\"font-size: 12pt;\">Apresenta relat\u00f3rios comparativos mensais da receita em rela\u00e7\u00e3o ao ano anterior;<\/span><\/li>\n<li><span style=\"font-size: 12pt;\">Permite \u00e0 prefeitura um acompanhamento geral de cada cidad\u00e3o por meio da integra\u00e7\u00e3o dos m\u00f3dulos do Sistema Social \u2013 Educa\u00e7\u00e3o, Sa\u00fade, Promo\u00e7\u00e3o Social.<\/span><\/li>\n<li><span style=\"font-size: 12pt;\">Em atendimento a Lei de Responsabilidade Fiscal (LRF), demonstra de forma simples o operacional dos gastos com Sa\u00fade, Educa\u00e7\u00e3o e Pessoal.<\/span><\/li>\n<\/ul>\n<\/div>\n","protected":false},"excerpt":{"rendered":"<p>Business Intelligence O QUE \u00c9 O M\u00d3DULO BI? O M\u00f3dulo BI &#8211; Business Intelligence &#8211; ou Intelig\u00eancia de Neg\u00f3cio &#8211; \u00e9 um ponto forte para o segmento da administra\u00e7\u00e3o p\u00fablica inteligente. O sistema faz o acompanhamento de a\u00e7\u00f5es que foram planejadas para a gest\u00e3o do mun\u00edcipio ou \u00f3rg\u00e3o, checa o andamento do cumprimento das metas<\/p>\n","protected":false},"author":1,"featured_media":0,"parent":528,"menu_order":0,"comment_status":"open","ping_status":"open","template":"fullwidth.php","meta":[],"uagb_featured_image_src":{"full":false,"thumbnail":false,"medium":false,"medium_large":false,"large":false,"1536x1536":false,"2048x2048":false,"home_post_thumb":false,"wl_page_thumb":false,"blog_2c_thumb":false},"uagb_author_info":{"display_name":"admin","author_link":"https:\/\/www.lamper.com.br\/?author=1"},"uagb_comment_info":0,"uagb_excerpt":"Business Intelligence O QUE \u00c9 O M\u00d3DULO BI? O M\u00f3dulo BI &#8211; Business Intelligence &#8211; ou Intelig\u00eancia de Neg\u00f3cio &#8211; \u00e9 um ponto forte para o segmento da administra\u00e7\u00e3o p\u00fablica inteligente. O sistema faz o acompanhamento de a\u00e7\u00f5es que foram planejadas para a gest\u00e3o do mun\u00edcipio ou \u00f3rg\u00e3o, checa o andamento do cumprimento das metas","_links":{"self":[{"href":"https:\/\/www.lamper.com.br\/index.php?rest_route=\/wp\/v2\/pages\/731"}],"collection":[{"href":"https:\/\/www.lamper.com.br\/index.php?rest_route=\/wp\/v2\/pages"}],"about":[{"href":"https:\/\/www.lamper.com.br\/index.php?rest_route=\/wp\/v2\/types\/page"}],"author":[{"embeddable":true,"href":"https:\/\/www.lamper.com.br\/index.php?rest_route=\/wp\/v2\/users\/1"}],"replies":[{"embeddable":true,"href":"https:\/\/www.lamper.com.br\/index.php?rest_route=%2Fwp%2Fv2%2Fcomments&post=731"}],"version-history":[{"count":0,"href":"https:\/\/www.lamper.com.br\/index.php?rest_route=\/wp\/v2\/pages\/731\/revisions"}],"up":[{"embeddable":true,"href":"https:\/\/www.lamper.com.br\/index.php?rest_route=\/wp\/v2\/pages\/528"}],"wp:attachment":[{"href":"https:\/\/www.lamper.com.br\/index.php?rest_route=%2Fwp%2Fv2%2Fmedia&parent=731"}],"curies":[{"name":"wp","href":"https:\/\/api.w.org\/{rel}","templated":true}]}}