{"id":85,"date":"2016-01-27T08:40:18","date_gmt":"2016-01-27T11:40:18","guid":{"rendered":"http:\/\/127.0.0.1\/wordpress\/?page_id=85"},"modified":"2021-10-05T19:24:51","modified_gmt":"2021-10-05T19:24:51","slug":"quem-somos","status":"publish","type":"page","link":"https:\/\/www.lamper.com.br\/?page_id=85","title":{"rendered":"Sobre a Lamper"},"content":{"rendered":"<p style=\"text-align: justify;\"><a href=\"http:\/\/lamper.com.br\"><img loading=\"lazy\" class=\"alignleft wp-image-599 size-medium\" src=\"http:\/\/172.16.0.213\/wp-content\/uploads\/2016\/01\/Logo-Lamper-300x196.jpg\" alt=\"\" width=\"300\" height=\"196\" srcset=\"https:\/\/www.lamper.com.br\/wp-content\/uploads\/2016\/01\/Logo-Lamper-300x196.jpg 300w, https:\/\/www.lamper.com.br\/wp-content\/uploads\/2016\/01\/Logo-Lamper-1024x669.jpg 1024w, https:\/\/www.lamper.com.br\/wp-content\/uploads\/2016\/01\/Logo-Lamper-768x502.jpg 768w, https:\/\/www.lamper.com.br\/wp-content\/uploads\/2016\/01\/Logo-Lamper.jpg 1132w\" sizes=\"(max-width: 300px) 100vw, 300px\" \/><\/a>\u00c9 uma empresa com ampla experi\u00eancia em presta\u00e7\u00e3o de Servi\u00e7os na \u00e1rea de Tecnologia da Informa\u00e7\u00e3o ao Setor P\u00fablico, disponibilizando solu\u00e7\u00f5es para Projetos de Gerenciamento de Documentos, Loca\u00e7\u00e3o de Sistemas Integrados de Gest\u00e3o P\u00fablica e Sistema Legislativo para nossos clientes. Nosso trabalho est\u00e1 baseado em oferecer solu\u00e7\u00f5es tecnol\u00f3gicas aliadas a sistemas com capacidade organizacional e atendimento de qualidade, marcas registradas desta empresa.<\/p>\n","protected":false},"excerpt":{"rendered":"<p>\u00c9 uma empresa com ampla experi\u00eancia em presta\u00e7\u00e3o de Servi\u00e7os na \u00e1rea de Tecnologia da Informa\u00e7\u00e3o ao Setor P\u00fablico, disponibilizando solu\u00e7\u00f5es para Projetos de Gerenciamento de Documentos, Loca\u00e7\u00e3o de Sistemas Integrados de Gest\u00e3o P\u00fablica e Sistema Legislativo para nossos clientes. Nosso trabalho est\u00e1 baseado em oferecer solu\u00e7\u00f5es tecnol\u00f3gicas aliadas a sistemas com capacidade organizacional e<\/p>\n","protected":false},"author":1,"featured_media":0,"parent":0,"menu_order":0,"comment_status":"closed","ping_status":"closed","template":"fullwidth.php","meta":[],"uagb_featured_image_src":{"full":false,"thumbnail":false,"medium":false,"medium_large":false,"large":false,"1536x1536":false,"2048x2048":false,"home_post_thumb":false,"wl_page_thumb":false,"blog_2c_thumb":false},"uagb_author_info":{"display_name":"admin","author_link":"https:\/\/www.lamper.com.br\/?author=1"},"uagb_comment_info":0,"uagb_excerpt":"\u00c9 uma empresa com ampla experi\u00eancia em presta\u00e7\u00e3o de Servi\u00e7os na \u00e1rea de Tecnologia da Informa\u00e7\u00e3o ao Setor P\u00fablico, disponibilizando solu\u00e7\u00f5es para Projetos de Gerenciamento de Documentos, Loca\u00e7\u00e3o de Sistemas Integrados de Gest\u00e3o P\u00fablica e Sistema Legislativo para nossos clientes. Nosso trabalho est\u00e1 baseado em oferecer solu\u00e7\u00f5es tecnol\u00f3gicas aliadas a sistemas com capacidade organizacional e","_links":{"self":[{"href":"https:\/\/www.lamper.com.br\/index.php?rest_route=\/wp\/v2\/pages\/85"}],"collection":[{"href":"https:\/\/www.lamper.com.br\/index.php?rest_route=\/wp\/v2\/pages"}],"about":[{"href":"https:\/\/www.lamper.com.br\/index.php?rest_route=\/wp\/v2\/types\/page"}],"author":[{"embeddable":true,"href":"https:\/\/www.lamper.com.br\/index.php?rest_route=\/wp\/v2\/users\/1"}],"replies":[{"embeddable":true,"href":"https:\/\/www.lamper.com.br\/index.php?rest_route=%2Fwp%2Fv2%2Fcomments&post=85"}],"version-history":[{"count":1,"href":"https:\/\/www.lamper.com.br\/index.php?rest_route=\/wp\/v2\/pages\/85\/revisions"}],"predecessor-version":[{"id":1362,"href":"https:\/\/www.lamper.com.br\/index.php?rest_route=\/wp\/v2\/pages\/85\/revisions\/1362"}],"wp:attachment":[{"href":"https:\/\/www.lamper.com.br\/index.php?rest_route=%2Fwp%2Fv2%2Fmedia&parent=85"}],"curies":[{"name":"wp","href":"https:\/\/api.w.org\/{rel}","templated":true}]}}